{"id":6943,"date":"2026-03-13T09:49:13","date_gmt":"2026-03-13T16:49:13","guid":{"rendered":"https:\/\/peoplepath.com\/contact\/"},"modified":"2026-04-17T06:50:35","modified_gmt":"2026-04-17T13:50:35","slug":"contact","status":"publish","type":"page","link":"https:\/\/peoplepath.com\/de\/contact\/","title":{"rendered":"Contact Us"},"content":{"rendered":"<section class=\"hero-get-in-touch  bg-dark-teal\">\n\t\n\t\t\n\t<div class=\"container relative\">\n\t\t<div class=\"~pt-[5.75rem]\/[9rem] pb-[3.625rem]\">\n\t\t\t<div class=\"flex max-lg:flex-col ~lg:~gap-[2rem]\/[9.5rem] relative z-[2]\">\n\t\t\t\t\t\t\t\t\t<div class=\"max-lg:contents lg:flex-1 lg:basis-[29.875rem] flex flex-col ~gap-[2rem]\/[10.625rem] justify-between\">\n\t\t\t\t\t\t\t\t\t\t\t\t\t<div class=\"flex flex-col ~gap-[1rem]\/[1.5rem]\">\n\t\t\t\t\t\t\t\t                    <h1 class=\"text-white \">Kontakt<\/h1>\n\n\t\t\t\t\t\t\t\t\t\t\t\t\t\t\t\t\t<p class=\"text-white\">Fragen Sie hier eine eine Demo der PeoplePath-Software an, oder fragen Sie uns gezielt nach weiteren Informationen.<br \/>\r\n<br \/>\r\nWir freuen uns auf einen Austausch!<\/p>\n\t\t\t\t\t\t\t\t\t\t\t\t\t\t\t<\/div>\n\t\t\t\t\t\t\n\t\t\t\t\t\t<div class=\"flex flex-col gap-[1rem] max-lg:order-3 lg:pb-[5rem]\">\n\t\t\t\t\t\t\t\t\t\t\t\t\t\t\t<div class=\"flex flex-col gap-[1rem] border-b border-[#ffffff1a] pb-[1rem] last:pb-0 last:border-none\">\n\t\t\t\t\t\t\t\t\t\t\t\t\t\t\t\t\t\t\t<div class=\"flex flex-row items-center gap-[1rem]\">\n\t\t\t\t\t\t\t\t\t\t\t<div class=\"h-[1.5rem] w-auto aspect-square\">\n\t\t\t\t\t\t\t\t\t\t\t\t\t\t\t\t\t\t\t\t\t\t\t\t\t\t\t\t<img decoding=\"async\" width=\"1\" height=\"1\" src=\"https:\/\/peoplepath.com\/wp-content\/uploads\/Customer-Success_Focus-Area_Getting-Started.svg\" class=\"size-[1.5rem] object-contain\" alt=\"Customer Success_Focus Area_Getting Started\" loading=\"lazy\" fetchpriority=\"auto\" \/>\n\t\n\t\t\t\t\t\t\t\t\t\t\t\t\t\t\t\t\t\t\t\t\t\t\t<\/div>\n\n\t\t\t\t\t\t\t\t\t\t\t<h6 class=\"text-white\">Softwaredemo<\/h6>\n\t\t\t\t\t\t\t\t\t\t<\/div>\n\t\t\t\t\t\t\t\t\t\n\t\t\t\t\t\t\t\t\t\t\t\t\t\t\t\t\t\t\t<p class=\"text-white sm\">Sie wollen die PeoplePath-Software in Aktion erleben? Geben Sie uns hier Bescheid. Wir melden uns umgehend zur\u00fcck und bereiten eine ma\u00dfgeschneiderte Demo vor.<\/p>\n\t\t\t\t\t\t\t\t\t\t\t\t\t\t\t\t\t<\/div>\n\t\t\t\t\t\t\t\t\t\t\t\t\t\t\t<div class=\"flex flex-col gap-[1rem] border-b border-[#ffffff1a] pb-[1rem] last:pb-0 last:border-none\">\n\t\t\t\t\t\t\t\t\t\t\t\t\t\t\t\t\t\t\t<div class=\"flex flex-row items-center gap-[1rem]\">\n\t\t\t\t\t\t\t\t\t\t\t<div class=\"h-[1.5rem] w-auto aspect-square\">\n\t\t\t\t\t\t\t\t\t\t\t\t\t\t\t\t\t\t\t\t\t\t\t\t\t\t\t\t<img decoding=\"async\" width=\"1\" height=\"1\" src=\"https:\/\/peoplepath.com\/wp-content\/uploads\/Homepage_Challange_Support-when-you-need-it.svg\" class=\"size-[1.5rem] object-contain\" alt=\"Homepage_Challange_Support when you need it\" loading=\"lazy\" fetchpriority=\"auto\" \/>\n\t\n\t\t\t\t\t\t\t\t\t\t\t\t\t\t\t\t\t\t\t\t\t\t\t<\/div>\n\n\t\t\t\t\t\t\t\t\t\t\t<h6 class=\"text-white\">Kontaktformular<\/h6>\n\t\t\t\t\t\t\t\t\t\t<\/div>\n\t\t\t\t\t\t\t\t\t\n\t\t\t\t\t\t\t\t\t\t\t\t\t\t\t\t\t\t\t<p class=\"text-white sm\">Allgemeine Fragen? F\u00fcllen Sie einfach das zweite Formular aus und beschreiben Sie die Themen, die Sie besprechen m\u00f6chten. Wir melden uns dann in K\u00fcrze zur\u00fcck.<\/p>\n\t\t\t\t\t\t\t\t\t\t\t\t\t\t\t\t\t<\/div>\n\t\t\t\t\t\t\t\t\t\t\t\t\t\t\t<div class=\"flex flex-col gap-[1rem] border-b border-[#ffffff1a] pb-[1rem] last:pb-0 last:border-none\">\n\t\t\t\t\t\t\t\t\t\t\t\t\t\t\t\t\t\t\t<div class=\"flex flex-row items-center gap-[1rem]\">\n\t\t\t\t\t\t\t\t\t\t\t<div class=\"h-[1.5rem] w-auto aspect-square\">\n\t\t\t\t\t\t\t\t\t\t\t\t\t\t\t\t\t\t\t\t\t\t\t\t\t\t\t\t<img decoding=\"async\" width=\"1\" height=\"1\" src=\"https:\/\/peoplepath.com\/wp-content\/uploads\/PlatformOverview_HowItWorks_Hyper-Personalization.svg\" class=\"size-[1.5rem] object-contain\" alt=\"PlatformOverview_HowItWorks_Hyper Personalization\" loading=\"lazy\" fetchpriority=\"auto\" \/>\n\t\n\t\t\t\t\t\t\t\t\t\t\t\t\t\t\t\t\t\t\t\t\t\t\t<\/div>\n\n\t\t\t\t\t\t\t\t\t\t\t<h6 class=\"text-white\">E-Mail<\/h6>\n\t\t\t\t\t\t\t\t\t\t<\/div>\n\t\t\t\t\t\t\t\t\t\n\t\t\t\t\t\t\t\t\t\t\t\t\t\t\t\t\t\t\t<p class=\"text-white sm\">Alternativ k\u00f6nnen Sie uns gerne eine E-Mail an info@peoplepath.com senden; unser Team wird Ihnen so schnell wie m\u00f6glich antworten.<\/p>\n\t\t\t\t\t\t\t\t\t\t\t\t\t\t\t\t\t<\/div>\n\t\t\t\t\t\t\t\t\t\t\t\t\t<\/div>\n\t\t\t\t\t<\/div>\n\t\t\t\t\n\t\t\t\t\t\t\t\t\t<div class=\"max-lg:order-2 lg:flex-1 lg:basis-[41.625rem]\">\n\t\t\t\t\t\t<div class=\"box\">\n\t\t\t\t\t\t\t<div class=\"tab-items\">\n\t\t\t\t\t\t\t\t\t\t\t\t\t\t\t\t\t<div class=\"tab-item active\" data-index=\"demo\">\n\t\t\t\t\t\t\t\t\t\t<small class=\"text-white\">Softwaredemo<\/small>\n\t\t\t\t\t\t\t\t\t<\/div>\n\t\t\t\t\t\t\t\t\t\t\t\t\t\t\t\t\t<div class=\"tab-item \" data-index=\"contact\">\n\t\t\t\t\t\t\t\t\t\t<small class=\"text-white\">Kontaktformular<\/small>\n\t\t\t\t\t\t\t\t\t<\/div>\n\t\t\t\t\t\t\t\t\t\t\t\t\t\t\t<\/div>\n\n\t\t\t\t\t\t\t<div class=\"tab-panels\">\n\t\t\t\t\t\t\t\t\t\t\t\t\t\t\t\t\t<div class=\"tab-panel active\" data-index=\"demo\">\n\t\t\t\t\t\t\t\t\t\t<div class=\"tab-panel-inner\">\n\t\t\t\t\t\t\t\t\t\t\t\t\t\t\t\t\t\t\t\t\t\t\t\t\t\t\t\t\t\t\t\t\t\n\t\t\t\t\t\t\t\t\t\t\t\t\t\t\t\t\t\t\t\t\t\t\t<div class=\"form-container get-in-touch\" data-region=\"eu1\" data-form-id=\"8f29cb48-b644-472e-a442-23200026b17b\" data-portal-id=\"5741563\"><\/div>\n\t\t\t\t\t\t\t\t\t\t\t\t\t\t\t\t\t\t\t\t\t<\/div>\n\t\t\t\t\t\t\t\t\t<\/div>\n\t\t\t\t\t\t\t\t\t\t\t\t\t\t\t\t\t<div class=\"tab-panel \" data-index=\"contact\">\n\t\t\t\t\t\t\t\t\t\t<div class=\"tab-panel-inner\">\n\t\t\t\t\t\t\t\t\t\t\t\t\t\t\t\t\t\t\t\t\t\t\t\t\t\t\t\t\t\t\t\t\t\n\t\t\t\t\t\t\t\t\t\t\t\t\t\t\t\t\t\t\t\t\t\t\t<div class=\"form-container get-in-touch\" data-region=\"eu1\" data-form-id=\"4e4a3b4a-21a0-49fc-b0cd-d05e331362af\" data-portal-id=\"5741563\"><\/div>\n\t\t\t\t\t\t\t\t\t\t\t\t\t\t\t\t\t\t\t\t\t<\/div>\n\t\t\t\t\t\t\t\t\t<\/div>\n\t\t\t\t\t\t\t\t\t\t\t\t\t\t\t<\/div>\n\t\t\t\t\t\t<\/div>\n\t\t\t\t\t<\/div>\n\t\t\t\t\t\t\t<\/div>\n\t\t<\/div>\n\n\t\t<div class=\"orbs\">\n\t\t\t\t\t\t\t\t\t\t\t<svg width=\"706\" height=\"706\" viewbox=\"0 0 706 706\" fill=\"none\" xmlns=\"http:\/\/www.w3.org\/2000\/svg\">\n\t\t\t\t\t<circle opacity=\"0.5\" cx=\"352.547\" cy=\"352.547\" r=\"352.547\" fill=\"url(#paint_desktop_block_1ba7ae0593d529a5ccd6295a4f09eef2-1)\"\/>\n\t\t\t\t\t<defs>\n\t\t\t\t\t\t<linearGradient id=\"paint_desktop_block_1ba7ae0593d529a5ccd6295a4f09eef2-1\" x1=\"-534.755\" y1=\"345.816\" x2=\"691.632\" y2=\"345.816\" gradientunits=\"userSpaceOnUse\">\n\t\t\t\t\t\t\t<stop offset=\"0.649038\" stop-color=\"#2469E0\" stop-opacity=\"0\"\/>\n\t\t\t\t\t\t\t<stop offset=\"1\" stop-color=\"#2469E0\" stop-opacity=\"0.4\"\/>\n\t\t\t\t\t\t<\/linearGradient>\n\t\t\t\t\t<\/defs>\n\t\t\t\t<\/svg>\n\t\t\t\t\t\t\t\t\t\t\t<svg width=\"706\" height=\"706\" viewbox=\"0 0 706 706\" fill=\"none\" xmlns=\"http:\/\/www.w3.org\/2000\/svg\">\n\t\t\t\t\t<circle opacity=\"0.5\" cx=\"352.547\" cy=\"352.547\" r=\"352.547\" fill=\"url(#paint_desktop_block_1ba7ae0593d529a5ccd6295a4f09eef2-2)\"\/>\n\t\t\t\t\t<defs>\n\t\t\t\t\t\t<linearGradient id=\"paint_desktop_block_1ba7ae0593d529a5ccd6295a4f09eef2-2\" x1=\"-534.755\" y1=\"345.816\" x2=\"691.632\" y2=\"345.816\" gradientunits=\"userSpaceOnUse\">\n\t\t\t\t\t\t\t<stop offset=\"0.649038\" stop-color=\"#2469E0\" stop-opacity=\"0\"\/>\n\t\t\t\t\t\t\t<stop offset=\"1\" stop-color=\"#2469E0\" stop-opacity=\"0.4\"\/>\n\t\t\t\t\t\t<\/linearGradient>\n\t\t\t\t\t<\/defs>\n\t\t\t\t<\/svg>\n\t\t\t\t\t\t\t\t\t\t\t<svg width=\"706\" height=\"706\" viewbox=\"0 0 706 706\" fill=\"none\" xmlns=\"http:\/\/www.w3.org\/2000\/svg\">\n\t\t\t\t\t<circle opacity=\"0.5\" cx=\"352.547\" cy=\"352.547\" r=\"352.547\" fill=\"url(#paint_desktop_block_1ba7ae0593d529a5ccd6295a4f09eef2-3)\"\/>\n\t\t\t\t\t<defs>\n\t\t\t\t\t\t<linearGradient id=\"paint_desktop_block_1ba7ae0593d529a5ccd6295a4f09eef2-3\" x1=\"-534.755\" y1=\"345.816\" x2=\"691.632\" y2=\"345.816\" gradientunits=\"userSpaceOnUse\">\n\t\t\t\t\t\t\t<stop offset=\"0.649038\" stop-color=\"#2469E0\" stop-opacity=\"0\"\/>\n\t\t\t\t\t\t\t<stop offset=\"1\" stop-color=\"#2469E0\" stop-opacity=\"0.4\"\/>\n\t\t\t\t\t\t<\/linearGradient>\n\t\t\t\t\t<\/defs>\n\t\t\t\t<\/svg>\n\t\t\t\t\t\t\t\t\t\t\t<svg width=\"706\" height=\"706\" viewbox=\"0 0 706 706\" fill=\"none\" xmlns=\"http:\/\/www.w3.org\/2000\/svg\">\n\t\t\t\t\t<circle opacity=\"0.5\" cx=\"352.547\" cy=\"352.547\" r=\"352.547\" fill=\"url(#paint_desktop_block_1ba7ae0593d529a5ccd6295a4f09eef2-4)\"\/>\n\t\t\t\t\t<defs>\n\t\t\t\t\t\t<linearGradient id=\"paint_desktop_block_1ba7ae0593d529a5ccd6295a4f09eef2-4\" x1=\"-534.755\" y1=\"345.816\" x2=\"691.632\" y2=\"345.816\" gradientunits=\"userSpaceOnUse\">\n\t\t\t\t\t\t\t<stop offset=\"0.649038\" stop-color=\"#2469E0\" stop-opacity=\"0\"\/>\n\t\t\t\t\t\t\t<stop offset=\"1\" stop-color=\"#2469E0\" stop-opacity=\"0.4\"\/>\n\t\t\t\t\t\t<\/linearGradient>\n\t\t\t\t\t<\/defs>\n\t\t\t\t<\/svg>\n\t\t\t\t\t<\/div>\n\t<\/div>\n<\/section>\n\n\n\n<p><\/p>\n","protected":false},"excerpt":{"rendered":"","protected":false},"author":7,"featured_media":0,"parent":0,"menu_order":0,"comment_status":"closed","ping_status":"closed","template":"","meta":{"_acf_changed":false,"footnotes":""},"class_list":["post-6943","page","type-page","status-publish","hentry"],"acf":[],"yoast_head":"<!-- This site is optimized with the Yoast SEO plugin v27.5 - https:\/\/yoast.com\/product\/yoast-seo-wordpress\/ -->\n<title>Contact Us - PeoplePath<\/title>\n<meta name=\"description\" content=\"Contact PeoplePath today to learn more about our company, products and services to build lifelong relationships with your talents.\" \/>\n<meta name=\"robots\" content=\"index, follow, max-snippet:-1, max-image-preview:large, max-video-preview:-1\" \/>\n<link rel=\"canonical\" href=\"https:\/\/peoplepath.com\/de\/contact\/\" \/>\n<meta property=\"og:locale\" content=\"de_DE\" \/>\n<meta property=\"og:type\" content=\"article\" \/>\n<meta property=\"og:title\" content=\"Contact Us - PeoplePath\" \/>\n<meta property=\"og:description\" content=\"Contact PeoplePath today to learn more about our company, products and services to build lifelong relationships with your talents.\" \/>\n<meta property=\"og:url\" content=\"https:\/\/peoplepath.com\/de\/contact\/\" \/>\n<meta property=\"og:site_name\" content=\"PeoplePath\" \/>\n<meta property=\"article:modified_time\" content=\"2026-04-17T13:50:35+00:00\" \/>\n<meta name=\"twitter:card\" content=\"summary_large_image\" \/>\n<script type=\"application\/ld+json\" class=\"yoast-schema-graph\">{\"@context\":\"https:\\\/\\\/schema.org\",\"@graph\":[{\"@type\":\"WebPage\",\"@id\":\"https:\\\/\\\/peoplepath.com\\\/de\\\/contact\\\/\",\"url\":\"https:\\\/\\\/peoplepath.com\\\/de\\\/contact\\\/\",\"name\":\"Contact Us - PeoplePath\",\"isPartOf\":{\"@id\":\"https:\\\/\\\/peoplepath.com\\\/de\\\/#website\"},\"datePublished\":\"2026-03-13T16:49:13+00:00\",\"dateModified\":\"2026-04-17T13:50:35+00:00\",\"description\":\"Contact PeoplePath today to learn more about our company, products and services to build lifelong relationships with your talents.\",\"breadcrumb\":{\"@id\":\"https:\\\/\\\/peoplepath.com\\\/de\\\/contact\\\/#breadcrumb\"},\"inLanguage\":\"de-DE\",\"potentialAction\":[{\"@type\":\"ReadAction\",\"target\":[\"https:\\\/\\\/peoplepath.com\\\/de\\\/contact\\\/\"]}]},{\"@type\":\"BreadcrumbList\",\"@id\":\"https:\\\/\\\/peoplepath.com\\\/de\\\/contact\\\/#breadcrumb\",\"itemListElement\":[{\"@type\":\"ListItem\",\"position\":1,\"name\":\"Home\",\"item\":\"https:\\\/\\\/peoplepath.com\\\/de\\\/\"},{\"@type\":\"ListItem\",\"position\":2,\"name\":\"Contact Us\"}]},{\"@type\":\"WebSite\",\"@id\":\"https:\\\/\\\/peoplepath.com\\\/de\\\/#website\",\"url\":\"https:\\\/\\\/peoplepath.com\\\/de\\\/\",\"name\":\"PeoplePath\",\"description\":\"PeoplePath is the global leader in alumni management software\",\"publisher\":{\"@id\":\"https:\\\/\\\/peoplepath.com\\\/de\\\/#organization\"},\"potentialAction\":[{\"@type\":\"SearchAction\",\"target\":{\"@type\":\"EntryPoint\",\"urlTemplate\":\"https:\\\/\\\/peoplepath.com\\\/de\\\/?s={search_term_string}\"},\"query-input\":{\"@type\":\"PropertyValueSpecification\",\"valueRequired\":true,\"valueName\":\"search_term_string\"}}],\"inLanguage\":\"de-DE\"},{\"@type\":\"Organization\",\"@id\":\"https:\\\/\\\/peoplepath.com\\\/de\\\/#organization\",\"name\":\"PeoplePath\",\"url\":\"https:\\\/\\\/peoplepath.com\\\/de\\\/\",\"logo\":{\"@type\":\"ImageObject\",\"inLanguage\":\"de-DE\",\"@id\":\"https:\\\/\\\/peoplepath.com\\\/de\\\/#\\\/schema\\\/logo\\\/image\\\/\",\"url\":\"https:\\\/\\\/peoplepath.com\\\/wp-content\\\/uploads\\\/PeoplePath_OpenGraphImage-1.jpg\",\"contentUrl\":\"https:\\\/\\\/peoplepath.com\\\/wp-content\\\/uploads\\\/PeoplePath_OpenGraphImage-1.jpg\",\"width\":1200,\"height\":630,\"caption\":\"PeoplePath\"},\"image\":{\"@id\":\"https:\\\/\\\/peoplepath.com\\\/de\\\/#\\\/schema\\\/logo\\\/image\\\/\"}}]}<\/script>\n<!-- \/ Yoast SEO plugin. -->","yoast_head_json":{"title":"Contact Us - PeoplePath","description":"Contact PeoplePath today to learn more about our company, products and services to build lifelong relationships with your talents.","robots":{"index":"index","follow":"follow","max-snippet":"max-snippet:-1","max-image-preview":"max-image-preview:large","max-video-preview":"max-video-preview:-1"},"canonical":"https:\/\/peoplepath.com\/de\/contact\/","og_locale":"de_DE","og_type":"article","og_title":"Contact Us - PeoplePath","og_description":"Contact PeoplePath today to learn more about our company, products and services to build lifelong relationships with your talents.","og_url":"https:\/\/peoplepath.com\/de\/contact\/","og_site_name":"PeoplePath","article_modified_time":"2026-04-17T13:50:35+00:00","twitter_card":"summary_large_image","schema":{"@context":"https:\/\/schema.org","@graph":[{"@type":"WebPage","@id":"https:\/\/peoplepath.com\/de\/contact\/","url":"https:\/\/peoplepath.com\/de\/contact\/","name":"Contact Us - PeoplePath","isPartOf":{"@id":"https:\/\/peoplepath.com\/de\/#website"},"datePublished":"2026-03-13T16:49:13+00:00","dateModified":"2026-04-17T13:50:35+00:00","description":"Contact PeoplePath today to learn more about our company, products and services to build lifelong relationships with your talents.","breadcrumb":{"@id":"https:\/\/peoplepath.com\/de\/contact\/#breadcrumb"},"inLanguage":"de-DE","potentialAction":[{"@type":"ReadAction","target":["https:\/\/peoplepath.com\/de\/contact\/"]}]},{"@type":"BreadcrumbList","@id":"https:\/\/peoplepath.com\/de\/contact\/#breadcrumb","itemListElement":[{"@type":"ListItem","position":1,"name":"Home","item":"https:\/\/peoplepath.com\/de\/"},{"@type":"ListItem","position":2,"name":"Contact Us"}]},{"@type":"WebSite","@id":"https:\/\/peoplepath.com\/de\/#website","url":"https:\/\/peoplepath.com\/de\/","name":"PeoplePath","description":"PeoplePath is the global leader in alumni management software","publisher":{"@id":"https:\/\/peoplepath.com\/de\/#organization"},"potentialAction":[{"@type":"SearchAction","target":{"@type":"EntryPoint","urlTemplate":"https:\/\/peoplepath.com\/de\/?s={search_term_string}"},"query-input":{"@type":"PropertyValueSpecification","valueRequired":true,"valueName":"search_term_string"}}],"inLanguage":"de-DE"},{"@type":"Organization","@id":"https:\/\/peoplepath.com\/de\/#organization","name":"PeoplePath","url":"https:\/\/peoplepath.com\/de\/","logo":{"@type":"ImageObject","inLanguage":"de-DE","@id":"https:\/\/peoplepath.com\/de\/#\/schema\/logo\/image\/","url":"https:\/\/peoplepath.com\/wp-content\/uploads\/PeoplePath_OpenGraphImage-1.jpg","contentUrl":"https:\/\/peoplepath.com\/wp-content\/uploads\/PeoplePath_OpenGraphImage-1.jpg","width":1200,"height":630,"caption":"PeoplePath"},"image":{"@id":"https:\/\/peoplepath.com\/de\/#\/schema\/logo\/image\/"}}]}},"_links":{"self":[{"href":"https:\/\/peoplepath.com\/de\/wp-json\/wp\/v2\/pages\/6943","targetHints":{"allow":["GET"]}}],"collection":[{"href":"https:\/\/peoplepath.com\/de\/wp-json\/wp\/v2\/pages"}],"about":[{"href":"https:\/\/peoplepath.com\/de\/wp-json\/wp\/v2\/types\/page"}],"author":[{"embeddable":true,"href":"https:\/\/peoplepath.com\/de\/wp-json\/wp\/v2\/users\/7"}],"replies":[{"embeddable":true,"href":"https:\/\/peoplepath.com\/de\/wp-json\/wp\/v2\/comments?post=6943"}],"version-history":[{"count":1,"href":"https:\/\/peoplepath.com\/de\/wp-json\/wp\/v2\/pages\/6943\/revisions"}],"predecessor-version":[{"id":7839,"href":"https:\/\/peoplepath.com\/de\/wp-json\/wp\/v2\/pages\/6943\/revisions\/7839"}],"wp:attachment":[{"href":"https:\/\/peoplepath.com\/de\/wp-json\/wp\/v2\/media?parent=6943"}],"curies":[{"name":"wp","href":"https:\/\/api.w.org\/{rel}","templated":true}]}}