{"id":6895,"date":"2026-03-26T03:34:25","date_gmt":"2026-03-26T10:34:25","guid":{"rendered":"https:\/\/peoplepath.com\/imprint\/"},"modified":"2026-04-13T04:46:30","modified_gmt":"2026-04-13T11:46:30","slug":"impressum","status":"publish","type":"page","link":"https:\/\/peoplepath.com\/de\/impressum\/","title":{"rendered":"Impressum"},"content":{"rendered":"<section class=\"hero-simple-title \">\n\t\n\t\t\n\t<div class=\"~pt-[4.25rem]\/[8.75rem] sb-none\">\n\t\t<div class=\"container relative\">\n\t\t\t<div class=\"flex flex-col ~gap-[1.25rem]\/[2rem]\">\n\t\t\t\t<div class=\"flex flex-col ~gap-[1rem]\/[1.5rem] max-w-[45.375rem]\">\n\t\t\t\t\t                    <h1 class=\" \">Impressum<\/h1>\n\n\t\t\t\t\t\t\t\t\t\t\t<p class=\"lg text-dark-grey\">Rechtliche Hinweise zu unserem Unternehmen.<\/p>\n\t\t\t\t\t\t\t\t\t<\/div>\n\n\t\t\t\t\t\t\t<\/div>\n\t\t<\/div>\n\t<\/div>\n<\/section>\n\n\n<section class=\"content-rich-text-rc-start \">\n\t\n\t\t\n\t<div class=\"inner st-md sb-xl\">\n\t\t<div class=\"container\">\n\t\t\t<div class=\"content-outer\">\n\t\t\t\t<div class=\"content\"><\/div>\n\t\t\t<\/div>\n\t\t<\/div>\n\t<\/div>\n<\/section>\n\n\n\n\n<p><strong>PeoplePath GmbH<\/strong><br>Friedenheimer Br\u00fccke 20<br>80639 M\u00fcnchen<br>Deutschland<\/p>\n\n\n\n<p>+49 89 2000 412 00<br>info@peoplepath.com<\/p>\n\n\n\n<p>Gesch\u00e4ftsf\u00fchrung: Benjamin Elixmann, Stephan Herrlich<\/p>\n\n\n\n<p>Handelsregisternummer Amtsgericht M\u00fcnchen: HRB 172046<\/p>\n\n\n\n<p>Umsatzsteueridentifikationsnummer: DE225726579<\/p>\n\n\n\n<p><strong>Inhaltlich verantwortliche Person i. S. v. \u00a7 18 (2) MStV<\/strong><\/p>\n\n\n\n<p>Benjamin Elixmann<br>benjamin.elixmann@peoplepath.com&nbsp;<\/p>\n\n\n\n<p><strong>G\u00fcltigkeit<\/strong><\/p>\n\n\n\n<p>Diese rechtlichen Hinweise gelten f\u00fcr alle weiteren Onlineauftritte von PeoplePath. Dazu geh\u00f6ren der Blog, die Seiten auf Meta, LinkedIn, Google sowie der YouTube-Kanal.<\/p>\n\n\n<section class=\"content-rich-text-rc-end \">\n\t\n\t\t\n\t<div class=\"inner st-md sb-xl\">\n\t\t<div class=\"container\">\n\t\t\t<div class=\"content-outer\">\n\t\t\t\t<div class=\"content\"><\/div>\n\t\t\t<\/div>\n\t\t<\/div>\n\t<\/div>\n<\/section>\n\n","protected":false},"excerpt":{"rendered":"<p>PeoplePath GmbHFriedenheimer Br\u00fccke 2080639 M\u00fcnchenDeutschland +49 89 2000 412 00info@peoplepath.com Gesch\u00e4ftsf\u00fchrung: Benjamin Elixmann, Stephan Herrlich Handelsregisternummer Amtsgericht M\u00fcnchen: HRB 172046 Umsatzsteueridentifikationsnummer: DE225726579 Inhaltlich verantwortliche Person i. S. v. \u00a7 18 (2) MStV Benjamin Elixmannbenjamin.elixmann@peoplepath.com&nbsp; G\u00fcltigkeit Diese rechtlichen Hinweise gelten f\u00fcr alle weiteren Onlineauftritte von PeoplePath. Dazu geh\u00f6ren der Blog, die Seiten auf Meta, LinkedIn, Google [&hellip;]<\/p>\n","protected":false},"author":7,"featured_media":0,"parent":0,"menu_order":0,"comment_status":"closed","ping_status":"closed","template":"","meta":{"_acf_changed":true,"footnotes":""},"class_list":["post-6895","page","type-page","status-publish","hentry"],"acf":[],"yoast_head":"<!-- This site is optimized with the Yoast SEO plugin v27.6 - https:\/\/yoast.com\/product\/yoast-seo-wordpress\/ -->\n<title>Impressum - PeoplePath<\/title>\n<meta name=\"description\" content=\"Rechtliche Hinweise zu den Seiten von PeoplePath\" \/>\n<meta name=\"robots\" content=\"noindex, nofollow\" \/>\n<meta property=\"og:locale\" content=\"de_DE\" \/>\n<meta property=\"og:type\" content=\"article\" \/>\n<meta property=\"og:title\" content=\"Impressum - PeoplePath\" \/>\n<meta property=\"og:description\" content=\"Rechtliche Hinweise zu den Seiten von PeoplePath\" \/>\n<meta property=\"og:url\" content=\"https:\/\/peoplepath.com\/de\/impressum\/\" \/>\n<meta property=\"og:site_name\" content=\"PeoplePath\" \/>\n<meta property=\"article:modified_time\" content=\"2026-04-13T11:46:30+00:00\" \/>\n<meta name=\"twitter:card\" content=\"summary_large_image\" \/>\n<meta name=\"twitter:label1\" content=\"Est. reading time\" \/>\n\t<meta name=\"twitter:data1\" content=\"1 minute\" \/>\n<script type=\"application\/ld+json\" class=\"yoast-schema-graph\">{\"@context\":\"https:\\\/\\\/schema.org\",\"@graph\":[{\"@type\":\"WebPage\",\"@id\":\"https:\\\/\\\/peoplepath.com\\\/de\\\/impressum\\\/\",\"url\":\"https:\\\/\\\/peoplepath.com\\\/de\\\/impressum\\\/\",\"name\":\"Impressum - PeoplePath\",\"isPartOf\":{\"@id\":\"https:\\\/\\\/peoplepath.com\\\/de\\\/#website\"},\"datePublished\":\"2026-03-26T10:34:25+00:00\",\"dateModified\":\"2026-04-13T11:46:30+00:00\",\"description\":\"Rechtliche Hinweise zu den Seiten von PeoplePath\",\"breadcrumb\":{\"@id\":\"https:\\\/\\\/peoplepath.com\\\/de\\\/impressum\\\/#breadcrumb\"},\"inLanguage\":\"de-DE\",\"potentialAction\":[{\"@type\":\"ReadAction\",\"target\":[\"https:\\\/\\\/peoplepath.com\\\/de\\\/impressum\\\/\"]}]},{\"@type\":\"BreadcrumbList\",\"@id\":\"https:\\\/\\\/peoplepath.com\\\/de\\\/impressum\\\/#breadcrumb\",\"itemListElement\":[{\"@type\":\"ListItem\",\"position\":1,\"name\":\"Home\",\"item\":\"https:\\\/\\\/peoplepath.com\\\/de\\\/\"},{\"@type\":\"ListItem\",\"position\":2,\"name\":\"Impressum\"}]},{\"@type\":\"WebSite\",\"@id\":\"https:\\\/\\\/peoplepath.com\\\/de\\\/#website\",\"url\":\"https:\\\/\\\/peoplepath.com\\\/de\\\/\",\"name\":\"PeoplePath\",\"description\":\"PeoplePath is the global leader in alumni management software\",\"publisher\":{\"@id\":\"https:\\\/\\\/peoplepath.com\\\/de\\\/#organization\"},\"potentialAction\":[{\"@type\":\"SearchAction\",\"target\":{\"@type\":\"EntryPoint\",\"urlTemplate\":\"https:\\\/\\\/peoplepath.com\\\/de\\\/?s={search_term_string}\"},\"query-input\":{\"@type\":\"PropertyValueSpecification\",\"valueRequired\":true,\"valueName\":\"search_term_string\"}}],\"inLanguage\":\"de-DE\"},{\"@type\":\"Organization\",\"@id\":\"https:\\\/\\\/peoplepath.com\\\/de\\\/#organization\",\"name\":\"PeoplePath\",\"url\":\"https:\\\/\\\/peoplepath.com\\\/de\\\/\",\"logo\":{\"@type\":\"ImageObject\",\"inLanguage\":\"de-DE\",\"@id\":\"https:\\\/\\\/peoplepath.com\\\/de\\\/#\\\/schema\\\/logo\\\/image\\\/\",\"url\":\"https:\\\/\\\/peoplepath.com\\\/wp-content\\\/uploads\\\/PeoplePath_OpenGraphImage-1.jpg\",\"contentUrl\":\"https:\\\/\\\/peoplepath.com\\\/wp-content\\\/uploads\\\/PeoplePath_OpenGraphImage-1.jpg\",\"width\":1200,\"height\":630,\"caption\":\"PeoplePath\"},\"image\":{\"@id\":\"https:\\\/\\\/peoplepath.com\\\/de\\\/#\\\/schema\\\/logo\\\/image\\\/\"}}]}<\/script>\n<!-- \/ Yoast SEO plugin. -->","yoast_head_json":{"title":"Impressum - PeoplePath","description":"Rechtliche Hinweise zu den Seiten von PeoplePath","robots":{"index":"noindex","follow":"nofollow"},"og_locale":"de_DE","og_type":"article","og_title":"Impressum - PeoplePath","og_description":"Rechtliche Hinweise zu den Seiten von PeoplePath","og_url":"https:\/\/peoplepath.com\/de\/impressum\/","og_site_name":"PeoplePath","article_modified_time":"2026-04-13T11:46:30+00:00","twitter_card":"summary_large_image","twitter_misc":{"Est. reading time":"1 minute"},"schema":{"@context":"https:\/\/schema.org","@graph":[{"@type":"WebPage","@id":"https:\/\/peoplepath.com\/de\/impressum\/","url":"https:\/\/peoplepath.com\/de\/impressum\/","name":"Impressum - PeoplePath","isPartOf":{"@id":"https:\/\/peoplepath.com\/de\/#website"},"datePublished":"2026-03-26T10:34:25+00:00","dateModified":"2026-04-13T11:46:30+00:00","description":"Rechtliche Hinweise zu den Seiten von PeoplePath","breadcrumb":{"@id":"https:\/\/peoplepath.com\/de\/impressum\/#breadcrumb"},"inLanguage":"de-DE","potentialAction":[{"@type":"ReadAction","target":["https:\/\/peoplepath.com\/de\/impressum\/"]}]},{"@type":"BreadcrumbList","@id":"https:\/\/peoplepath.com\/de\/impressum\/#breadcrumb","itemListElement":[{"@type":"ListItem","position":1,"name":"Home","item":"https:\/\/peoplepath.com\/de\/"},{"@type":"ListItem","position":2,"name":"Impressum"}]},{"@type":"WebSite","@id":"https:\/\/peoplepath.com\/de\/#website","url":"https:\/\/peoplepath.com\/de\/","name":"PeoplePath","description":"PeoplePath is the global leader in alumni management software","publisher":{"@id":"https:\/\/peoplepath.com\/de\/#organization"},"potentialAction":[{"@type":"SearchAction","target":{"@type":"EntryPoint","urlTemplate":"https:\/\/peoplepath.com\/de\/?s={search_term_string}"},"query-input":{"@type":"PropertyValueSpecification","valueRequired":true,"valueName":"search_term_string"}}],"inLanguage":"de-DE"},{"@type":"Organization","@id":"https:\/\/peoplepath.com\/de\/#organization","name":"PeoplePath","url":"https:\/\/peoplepath.com\/de\/","logo":{"@type":"ImageObject","inLanguage":"de-DE","@id":"https:\/\/peoplepath.com\/de\/#\/schema\/logo\/image\/","url":"https:\/\/peoplepath.com\/wp-content\/uploads\/PeoplePath_OpenGraphImage-1.jpg","contentUrl":"https:\/\/peoplepath.com\/wp-content\/uploads\/PeoplePath_OpenGraphImage-1.jpg","width":1200,"height":630,"caption":"PeoplePath"},"image":{"@id":"https:\/\/peoplepath.com\/de\/#\/schema\/logo\/image\/"}}]}},"_links":{"self":[{"href":"https:\/\/peoplepath.com\/de\/wp-json\/wp\/v2\/pages\/6895","targetHints":{"allow":["GET"]}}],"collection":[{"href":"https:\/\/peoplepath.com\/de\/wp-json\/wp\/v2\/pages"}],"about":[{"href":"https:\/\/peoplepath.com\/de\/wp-json\/wp\/v2\/types\/page"}],"author":[{"embeddable":true,"href":"https:\/\/peoplepath.com\/de\/wp-json\/wp\/v2\/users\/7"}],"replies":[{"embeddable":true,"href":"https:\/\/peoplepath.com\/de\/wp-json\/wp\/v2\/comments?post=6895"}],"version-history":[{"count":0,"href":"https:\/\/peoplepath.com\/de\/wp-json\/wp\/v2\/pages\/6895\/revisions"}],"wp:attachment":[{"href":"https:\/\/peoplepath.com\/de\/wp-json\/wp\/v2\/media?parent=6895"}],"curies":[{"name":"wp","href":"https:\/\/api.w.org\/{rel}","templated":true}]}}